{"id":8125,"date":"2025-02-03T18:37:19","date_gmt":"2025-02-03T15:37:19","guid":{"rendered":"https:\/\/orientation.tyovene.com\/?page_id=8125"},"modified":"2025-02-03T18:37:19","modified_gmt":"2025-02-03T15:37:19","slug":"rekisteri-ja-tietosuojaseloste-uloskirjautuneille","status":"publish","type":"page","link":"https:\/\/orientation.tyovene.com\/?page_id=8125","title":{"rendered":"Rekisteri-ja tietosuojaseloste uloskirjautuneille"},"content":{"rendered":"\t\t<div data-elementor-type=\"wp-page\" data-elementor-id=\"8125\" class=\"elementor elementor-8125\" data-elementor-post-type=\"page\">\n\t\t\t\t<div class=\"elementor-element elementor-element-396ccec e-flex e-con-boxed e-con e-parent\" data-id=\"396ccec\" data-element_type=\"container\">\n\t\t\t\t\t<div class=\"e-con-inner\">\n\t\t\t\t<div class=\"elementor-element elementor-element-4a35c2b elementor-widget elementor-widget-heading\" data-id=\"4a35c2b\" data-element_type=\"widget\" data-widget_type=\"heading.default\">\n\t\t\t\t<div class=\"elementor-widget-container\">\n\t\t\t\t\t<h2 class=\"elementor-heading-title elementor-size-default\">Rekisteri- ja tietosuojaseloste <\/h2>\t\t\t\t<\/div>\n\t\t\t\t<\/div>\n\t\t\t\t<div class=\"elementor-element elementor-element-75b4254d elementor-widget elementor-widget-text-editor\" data-id=\"75b4254d\" data-element_type=\"widget\" data-widget_type=\"text-editor.default\">\n\t\t\t\t<div class=\"elementor-widget-container\">\n\t\t\t\t\t\t\t\t\t<p><\/p>\n<p><strong><span style=\"color: var( --e-global-color-text ); font-family: var( --e-global-typography-text-font-family ), Sans-serif; text-align: var(--text-align); font-size: 1rem;\" data-contrast=\"none\">Ty\u00f6ntekij\u00e4rekisteri<\/span><span style=\"color: var( --e-global-color-text ); font-family: var( --e-global-typography-text-font-family ), Sans-serif; text-align: var(--text-align); font-size: 1rem;\" data-ccp-props=\"{&quot;201341983&quot;:0,&quot;335551550&quot;:1,&quot;335551620&quot;:1,&quot;335559685&quot;:2,&quot;335559731&quot;:4,&quot;335559737&quot;:0,&quot;335559739&quot;:1,&quot;335559740&quot;:269,&quot;335559991&quot;:10}\">\u00a0<\/span><\/strong><\/p>\n<p><span data-contrast=\"none\">T\u00e4m\u00e4 on Ty\u00f6vene Oy:n henkil\u00f6tietolain (10 ja 24 \u00a7) ja EU:n yleisen tietosuoja-asetuksen (GDPR) mukainen rekisteri- ja tietosuojaselosteyrityksen ty\u00f6ntekij\u00f6ist\u00e4 ja toimittajista. Se on laadittu<\/span><span data-ccp-props=\"{&quot;201341983&quot;:0,&quot;335551550&quot;:6,&quot;335551620&quot;:6,&quot;335559685&quot;:7,&quot;335559731&quot;:4,&quot;335559737&quot;:201,&quot;335559739&quot;:0,&quot;335559740&quot;:216}\">\u00a0<\/span><\/p>\n<p><span data-contrast=\"none\">6.2.2023 ja sit\u00e4 p\u00e4ivitet\u00e4\u00e4n tarvittaessa.<\/span><span data-ccp-props=\"{&quot;201341983&quot;:0,&quot;335551550&quot;:6,&quot;335551620&quot;:6,&quot;335559685&quot;:7,&quot;335559731&quot;:4,&quot;335559737&quot;:0,&quot;335559739&quot;:80,&quot;335559740&quot;:216}\">\u00a0<\/span><\/p>\n<p><strong>Rekisterinpit\u00e4j\u00e4\u00a0<\/strong><\/p>\n<p><span data-contrast=\"none\">Uudenkaupungin Ty\u00f6vene Oy<\/span><span data-ccp-props=\"{&quot;201341983&quot;:0,&quot;335551550&quot;:6,&quot;335551620&quot;:6,&quot;335559685&quot;:7,&quot;335559731&quot;:4,&quot;335559737&quot;:0,&quot;335559739&quot;:52,&quot;335559740&quot;:216}\">\u00a0<\/span><\/p>\n<p><span data-contrast=\"none\">Telakkatie 8<\/span><span data-ccp-props=\"{&quot;201341983&quot;:0,&quot;335551550&quot;:1,&quot;335551620&quot;:1,&quot;335559685&quot;:2,&quot;335559731&quot;:4,&quot;335559737&quot;:0,&quot;335559739&quot;:1,&quot;335559740&quot;:269,&quot;335559991&quot;:10}\">\u00a0<\/span><\/p>\n<p><span data-contrast=\"none\">23500 Uusikaupunki<\/span><span data-ccp-props=\"{&quot;201341983&quot;:0,&quot;335551550&quot;:6,&quot;335551620&quot;:6,&quot;335559685&quot;:7,&quot;335559731&quot;:4,&quot;335559737&quot;:0,&quot;335559739&quot;:52,&quot;335559740&quot;:216}\">\u00a0<\/span><\/p>\n<p><span data-contrast=\"none\">tapio.rintala@tyovene.fi P. 040 0327 500 Yrityksen Y-tunnus 2651884-4<\/span><span data-ccp-props=\"{&quot;201341983&quot;:0,&quot;335551550&quot;:1,&quot;335551620&quot;:1,&quot;335559685&quot;:3,&quot;335559731&quot;:4,&quot;335559737&quot;:5217,&quot;335559739&quot;:509,&quot;335559740&quot;:222,&quot;335559991&quot;:3}\">\u00a0<\/span><\/p>\n<p><span data-contrast=\"none\"><strong>2A. Yll\u00e4pit\u00e4j\u00e4<\/strong><\/span><\/p>\n<p><span data-contrast=\"none\"> Riitta Rintala<\/span><span data-ccp-props=\"{&quot;201341983&quot;:0,&quot;335551550&quot;:1,&quot;335551620&quot;:1,&quot;335559685&quot;:2,&quot;335559731&quot;:4,&quot;335559737&quot;:5922,&quot;335559739&quot;:1,&quot;335559740&quot;:269,&quot;335559991&quot;:10}\">\u00a0<\/span><\/p>\n<p><span data-contrast=\"none\">Telakkatie 8<\/span><span data-ccp-props=\"{&quot;201341983&quot;:0,&quot;335551550&quot;:1,&quot;335551620&quot;:1,&quot;335559685&quot;:2,&quot;335559731&quot;:4,&quot;335559737&quot;:0,&quot;335559739&quot;:1,&quot;335559740&quot;:269,&quot;335559991&quot;:10}\">\u00a0<\/span><\/p>\n<p><span data-contrast=\"none\">23500 Uusikaupunki riitta.rintala@tyovene.fi<\/span><span data-ccp-props=\"{&quot;201341983&quot;:0,&quot;335551550&quot;:6,&quot;335551620&quot;:6,&quot;335559685&quot;:7,&quot;335559731&quot;:4,&quot;335559737&quot;:3123,&quot;335559739&quot;:0,&quot;335559740&quot;:298}\">\u00a0<\/span><\/p>\n<p><strong>2B. Yll\u00e4pit\u00e4j\u00e4<\/strong><span data-ccp-props=\"{&quot;201341983&quot;:0,&quot;335551550&quot;:1,&quot;335551620&quot;:1,&quot;335559685&quot;:2,&quot;335559731&quot;:4,&quot;335559737&quot;:0,&quot;335559739&quot;:1,&quot;335559740&quot;:269,&quot;335559991&quot;:10}\">\u00a0<\/span><\/p>\n<p><span data-contrast=\"none\">Aleksi Ukkonen<\/span><span data-ccp-props=\"{&quot;201341983&quot;:0,&quot;335551550&quot;:6,&quot;335551620&quot;:6,&quot;335559685&quot;:7,&quot;335559731&quot;:4,&quot;335559737&quot;:0,&quot;335559739&quot;:84,&quot;335559740&quot;:216}\">\u00a0<\/span><\/p>\n<p><span data-contrast=\"none\">Telakkatie 8<\/span><span data-ccp-props=\"{&quot;201341983&quot;:0,&quot;335551550&quot;:1,&quot;335551620&quot;:1,&quot;335559685&quot;:2,&quot;335559731&quot;:4,&quot;335559737&quot;:0,&quot;335559739&quot;:1,&quot;335559740&quot;:269,&quot;335559991&quot;:10}\">\u00a0<\/span><\/p>\n<p><span data-contrast=\"none\">23500 Uusikaupunki aleksi.ukkonnen@tyovene.fi<\/span><span data-ccp-props=\"{&quot;201341983&quot;:0,&quot;335551550&quot;:6,&quot;335551620&quot;:6,&quot;335559685&quot;:7,&quot;335559731&quot;:4,&quot;335559737&quot;:2583,&quot;335559739&quot;:429,&quot;335559740&quot;:298}\">\u00a0<\/span><\/p>\n<p><strong>3. Rekisterin nimi<\/strong><span data-ccp-props=\"{&quot;201341983&quot;:0,&quot;335551550&quot;:1,&quot;335551620&quot;:1,&quot;335559737&quot;:0,&quot;335559739&quot;:1,&quot;335559740&quot;:269,&quot;335559991&quot;:288}\">\u00a0<\/span><\/p>\n<p><span data-contrast=\"none\">Ty\u00f6vene Oy ty\u00f6ntekij\u00e4rekisteri 2A<\/span><span data-ccp-props=\"{&quot;201341983&quot;:0,&quot;335551550&quot;:6,&quot;335551620&quot;:6,&quot;335559685&quot;:7,&quot;335559731&quot;:4,&quot;335559737&quot;:0,&quot;335559739&quot;:52,&quot;335559740&quot;:216}\">\u00a0<\/span><\/p>\n<p><span data-contrast=\"none\">Ty\u00f6vene Oy toimittajarekisteri 2B<\/span><span data-ccp-props=\"{&quot;201341983&quot;:0,&quot;335551550&quot;:6,&quot;335551620&quot;:6,&quot;335559685&quot;:7,&quot;335559731&quot;:4,&quot;335559737&quot;:0,&quot;335559739&quot;:478,&quot;335559740&quot;:216}\">\u00a0<\/span><\/p>\n<p><strong>4. Oikeusperuste ja henkil\u00f6tietojen k\u00e4sittelyn tarkoitus\u00a0<\/strong><\/p>\n<p><span data-contrast=\"none\">EU:n yleisen tietosuoja-asetuksen mukainen oikeusperuste henkil\u00f6tietojen k\u00e4sittelylle on<\/span><span data-ccp-props=\"{&quot;201341983&quot;:0,&quot;335551550&quot;:6,&quot;335551620&quot;:6,&quot;335559685&quot;:7,&quot;335559731&quot;:4,&quot;335559737&quot;:0,&quot;335559739&quot;:52,&quot;335559740&quot;:216}\">\u00a0<\/span><\/p>\n<p><span data-contrast=\"none\">-Sopimus<\/span><span data-ccp-props=\"{&quot;201341983&quot;:0,&quot;335551550&quot;:1,&quot;335551620&quot;:1,&quot;335559685&quot;:168,&quot;335559731&quot;:4,&quot;335559737&quot;:0,&quot;335559739&quot;:1,&quot;335559740&quot;:269,&quot;335559991&quot;:10}\">\u00a0<\/span><\/p>\n<p aria-level=\"1\"><span data-contrast=\"none\">-Laki<\/span><span data-ccp-props=\"{&quot;134245418&quot;:true,&quot;134245529&quot;:true,&quot;201341983&quot;:0,&quot;335559685&quot;:158,&quot;335559739&quot;:0,&quot;335559740&quot;:259}\">\u00a0<\/span><\/p>\n<p><span data-contrast=\"none\">-Rekisterinpit\u00e4j\u00e4n oikeutettu etu<\/span><span data-ccp-props=\"{&quot;201341983&quot;:0,&quot;335551550&quot;:6,&quot;335551620&quot;:6,&quot;335559685&quot;:158,&quot;335559731&quot;:4,&quot;335559737&quot;:0,&quot;335559739&quot;:117,&quot;335559740&quot;:216}\">\u00a0<\/span><\/p>\n<p><span data-contrast=\"none\">Henkil\u00f6tietojen k\u00e4sittelyn tarkoitus on ty\u00f6sopimus, palkkaus ja viranomaisasiointi sek\u00e4 yrityksen toimittajien yhteisty\u00f6h\u00f6n liittyv\u00e4 toiminta.<\/span><\/p>\n<p><strong> 5. Rekisterin tietosis\u00e4lt\u00f6<\/strong><\/p>\n<p><span data-contrast=\"none\">Rekisteriin tallennettavia tietoja ovat: henkil\u00f6iden nimet, osoite, puhelinnumerot yhteystiedot, veronumero, sosiaaliturvatunnisteet veroja ym. viranomaistietoja varten sek\u00e4 tilitiedot palkanmaksua varten. My\u00f6s mahdolliset erityisp\u00e4tevyystodistukset.<\/span><span data-ccp-props=\"{&quot;201341983&quot;:0,&quot;335551550&quot;:6,&quot;335551620&quot;:6,&quot;335559685&quot;:158,&quot;335559731&quot;:4,&quot;335559737&quot;:475,&quot;335559739&quot;:555,&quot;335559740&quot;:216}\">\u00a0<\/span><\/p>\n<p><span data-contrast=\"none\">Toimittajien yrityksen nimet, internet sivut, s\u00e4hk\u00f6posti- ja puhelinnumerot, sek\u00e4 tarjottavat palvelut.<\/span><span data-ccp-props=\"{&quot;201341983&quot;:0,&quot;335551550&quot;:6,&quot;335551620&quot;:6,&quot;335559685&quot;:158,&quot;335559731&quot;:4,&quot;335559737&quot;:0,&quot;335559739&quot;:100,&quot;335559740&quot;:216}\">\u00a0<\/span><\/p>\n<p><span data-contrast=\"none\">Tiedot s\u00e4ilytet\u00e4\u00e4n ty\u00f6suhteen ollessa voimassa ja tapauskohtaisesti riitt\u00e4v\u00e4n ajanjakson sen j\u00e4lkeen kirjanpidollisten toteamiseksi tarvittaessa. Ty\u00f6ntekij\u00f6iden terveydentilaa koskevia tietoja s\u00e4ilytet\u00e4\u00e4n erill\u00e4\u00e4n muista henkil\u00f6tiedoista. Tiedot arkistoidaan palkanmaksun j\u00e4lkeen 10 vuotta lukituissa arkistoissa.<\/span><span data-ccp-props=\"{&quot;201341983&quot;:0,&quot;335551550&quot;:6,&quot;335551620&quot;:6,&quot;335559685&quot;:144,&quot;335559731&quot;:4,&quot;335559737&quot;:0,&quot;335559739&quot;:105,&quot;335559740&quot;:216}\">\u00a0<\/span><\/p>\n<p><span data-contrast=\"none\">Toimittajatietoja s\u00e4ilytet\u00e4\u00e4n yrityksen SharePoint verkkohakemistossa, jonne p\u00e4\u00e4sy on rajattu ainoastaan ostoja suorittavilta henkil\u00f6ilt\u00e4 ja n\u00e4it\u00e4 tietoja ei luovuteta ulkopuolisille. Tietoja p\u00e4ivitet\u00e4\u00e4n oston toimesta.<\/span><span data-ccp-props=\"{&quot;201341983&quot;:0,&quot;335551550&quot;:6,&quot;335551620&quot;:6,&quot;335559685&quot;:165,&quot;335559731&quot;:4,&quot;335559737&quot;:784,&quot;335559739&quot;:100,&quot;335559740&quot;:216}\">\u00a0<\/span><\/p>\n<p><strong>6. S\u00e4\u00e4nn\u00f6nmukaiset tietol\u00e4hteet\u00a0<\/strong><\/p>\n<p><span data-contrast=\"none\">Rekisteriin tallennettavat tiedot saadaan ty\u00f6ntekij\u00e4lt\u00e4 ja viranomaisilta sek\u00e4 toimittajilta itselt\u00e4\u00e4n.<\/span><span data-ccp-props=\"{&quot;201341983&quot;:0,&quot;335551550&quot;:6,&quot;335551620&quot;:6,&quot;335559685&quot;:173,&quot;335559731&quot;:4,&quot;335559737&quot;:0,&quot;335559739&quot;:520,&quot;335559740&quot;:216}\">\u00a0<\/span><\/p>\n<p><strong>7. Tietojen s\u00e4\u00e4nn\u00f6nmukaiset luovutukset ja tietojen siirto EU:n tai ETA:n ulkopuolelle\u00a0<\/strong><\/p>\n<p><span data-contrast=\"none\">P\u00e4\u00e4s\u00e4\u00e4nt\u00f6isesti tietoja ei luovuteta ulkopuolisille. Poikkeuksena ovat ty\u00f6nantajaliitto, el\u00e4keyhti\u00f6, vakuutusyhti\u00f6, verottaja \/ tulorekisteri ja ay-liitot.<\/span><span data-ccp-props=\"{&quot;201341983&quot;:0,&quot;335551550&quot;:6,&quot;335551620&quot;:6,&quot;335559685&quot;:180,&quot;335559731&quot;:4,&quot;335559737&quot;:194,&quot;335559739&quot;:129,&quot;335559740&quot;:216}\">\u00a0<\/span><\/p>\n<p><span data-contrast=\"none\">Ty\u00f6nkuvan vaatiessa tietoja voidaan jakaa tai julkaista alihankkijoille esim. p\u00e4tevyystodistukset.<\/span><span data-ccp-props=\"{&quot;201341983&quot;:0,&quot;335551550&quot;:6,&quot;335551620&quot;:6,&quot;335559685&quot;:187,&quot;335559731&quot;:4,&quot;335559737&quot;:0,&quot;335559739&quot;:100,&quot;335559740&quot;:216}\">\u00a0<\/span><\/p>\n<p><span data-contrast=\"none\">Tietoja voidaan siirt\u00e4\u00e4 rekisterin pit\u00e4j\u00e4n toimesta my\u00f6s EU:n ja ETA:N ulkopuolelle yll\u00e4 mainituista syist\u00e4.<\/span><span data-ccp-props=\"{&quot;201341983&quot;:0,&quot;335551550&quot;:6,&quot;335551620&quot;:6,&quot;335559685&quot;:187,&quot;335559731&quot;:4,&quot;335559737&quot;:0,&quot;335559739&quot;:52,&quot;335559740&quot;:216}\">\u00a0<\/span><\/p>\n<p><strong>8. Rekisterin suojauksen periaatteet\u00a0<\/strong><\/p>\n<p><span data-contrast=\"none\">Rekisteri\u00e4 k\u00e4sitell\u00e4\u00e4n asianmukaisella huolellisuudella. Tiedot suojataan palvelimella ja ajantasaisesta tietoturvasta huolehditaan.<\/span><span data-ccp-props=\"{&quot;201341983&quot;:0,&quot;335551550&quot;:6,&quot;335551620&quot;:6,&quot;335559685&quot;:144,&quot;335559731&quot;:4,&quot;335559737&quot;:0,&quot;335559739&quot;:0,&quot;335559740&quot;:216}\">\u00a0<\/span><\/p>\n<p><span data-contrast=\"none\">Tietoja k\u00e4sittelev\u00e4t vain henkil\u00f6t, joiden ty\u00f6nkuvaan asia kuuluu. Mahdolliset paperiset kopiot ja muistiot arkistoidaan lukittuun tilaan ja h\u00e4vitet\u00e4\u00e4n s\u00e4ilytysajan j\u00e4lkeen.<\/span><span data-ccp-props=\"{&quot;201341983&quot;:0,&quot;335551550&quot;:6,&quot;335551620&quot;:6,&quot;335559685&quot;:144,&quot;335559731&quot;:4,&quot;335559737&quot;:122,&quot;335559739&quot;:550,&quot;335559740&quot;:216}\">\u00a0<\/span><\/p>\n<p><strong>9. Tarkastusoikeus ja oikeus vaatia tiedon korjaamista\u00a0<\/strong><\/p>\n<p><span data-contrast=\"none\">Jokaisella rekisteriss\u00e4 olevalla henkil\u00f6ll\u00e4 on oikeus tarkistaa rekisteriin tallennetut tietonsa ja vaatia mahdollisen virheellisen tiedon korjaamista tai puutteellisen tiedon t\u00e4ydent\u00e4mist\u00e4. Mik\u00e4li henkil\u00f6 haluaa tarkistaa h\u00e4nest\u00e4 tallennetut tiedot tai vaatia niihin oikaisua, pyynt\u00f6 tulee kirjallisesti rekisterinpit\u00e4j\u00e4lle. Rekisterinpit\u00e4j\u00e4 voi pyyt\u00e4\u00e4 tarvittaessa pyynn\u00f6n esitt\u00e4j\u00e4\u00e4 todistamaan henkil\u00f6llisyytens\u00e4. Rekisterinpit\u00e4j\u00e4 vastaa asiakkaalle EU:n tietosuoja-asetuksessa s\u00e4\u00e4detyss\u00e4 ajassa (p\u00e4\u00e4s\u00e4\u00e4nt\u00f6isesti kuukauden kuluessa).<\/span><span data-ccp-props=\"{&quot;201341983&quot;:0,&quot;335551550&quot;:1,&quot;335551620&quot;:1,&quot;335559685&quot;:139,&quot;335559731&quot;:4,&quot;335559737&quot;:0,&quot;335559739&quot;:529,&quot;335559740&quot;:222,&quot;335559991&quot;:3}\">\u00a0<\/span><\/p>\n<p><strong>10. Muut henkil\u00f6tietojen k\u00e4sittelyyn liittyv\u00e4t oikeudet<\/strong><span data-ccp-props=\"{&quot;201341983&quot;:0,&quot;335551550&quot;:1,&quot;335551620&quot;:1,&quot;335559737&quot;:0,&quot;335559739&quot;:1,&quot;335559740&quot;:269,&quot;335559991&quot;:417}\">\u00a0<\/span><\/p>\n<p><span data-contrast=\"none\">Rekisteriss\u00e4 olevalla henkil\u00f6ll\u00e4 on oikeus pyyt\u00e4\u00e4 h\u00e4nt\u00e4 koskevien henkil\u00f6tietojen poistamiseen rekisterist\u00e4 (&#8220;oikeus tulla unohdetuksi&#8221;). Niin ik\u00e4\u00e4n rekister\u00f6idyill\u00e4 on muut <\/span><span data-contrast=\"none\">EU:n yleisen tietosuoja-asetuksen mukaiset oikeudet<\/span><span data-contrast=\"none\"> kuten henkil\u00f6tietojen k\u00e4sittelyn rajoittaminen tietyiss\u00e4 tilanteissa. Pyynn\u00f6t tulee l\u00e4hett\u00e4\u00e4 kirjallisesti rekisterinpit\u00e4j\u00e4lle. Rekisterinpit\u00e4j\u00e4 voi pyyt\u00e4\u00e4 tarvittaessa pyynn\u00f6n esitt\u00e4j\u00e4\u00e4 todistamaan henkil\u00f6llisyytens\u00e4. Rekisterinpit\u00e4j\u00e4 vastaa asiakkaalle EU:n tietosuoja-asetuksessa s\u00e4\u00e4detyss\u00e4 ajassa (p\u00e4\u00e4s\u00e4\u00e4nt\u00f6isesti kuukauden kuluessa).<\/span><span data-ccp-props=\"{&quot;201341983&quot;:0,&quot;335551550&quot;:6,&quot;335551620&quot;:6,&quot;335559685&quot;:165,&quot;335559731&quot;:4,&quot;335559737&quot;:166,&quot;335559739&quot;:128,&quot;335559740&quot;:216}\">\u00a0<\/span><\/p>\n<p><span data-contrast=\"none\">Niilt\u00e4 osin, kun rekisteriss\u00e4 on keskener\u00e4isi\u00e4 asioita, ei pyynt\u00f6\u00e4 voida toteuttaa, ennen kuin ne on hoidettu. Ty\u00f6suhteisiin liittyv\u00e4t arkistot s\u00e4ilytet\u00e4\u00e4n lakiperusteisesti aina v\u00e4hint\u00e4\u00e4n 10 vuotta.<\/span><span data-ccp-props=\"{&quot;201341983&quot;:0,&quot;335551550&quot;:6,&quot;335551620&quot;:6,&quot;335559685&quot;:173,&quot;335559731&quot;:4,&quot;335559737&quot;:259,&quot;335559739&quot;:535,&quot;335559740&quot;:216}\">\u00a0<\/span><span style=\"color: var( --e-global-color-text ); font-family: var( --e-global-typography-text-font-family ), Sans-serif; font-weight: var( --e-global-typography-text-font-weight ); text-align: var(--text-align); font-size: 1rem;\">\u00a0<\/span><\/p>\n<p><\/p>\t\t\t\t\t\t\t\t<\/div>\n\t\t\t\t<\/div>\n\t\t\t\t<div class=\"elementor-element elementor-element-4e4d0c1 elementor-widget elementor-widget-image\" data-id=\"4e4d0c1\" data-element_type=\"widget\" data-widget_type=\"image.default\">\n\t\t\t\t<div class=\"elementor-widget-container\">\n\t\t\t\t\t\t\t\t\t\t\t\t\t\t\t<img fetchpriority=\"high\" decoding=\"async\" width=\"557\" height=\"142\" src=\"https:\/\/orientation.tyovene.com\/wp-content\/uploads\/2024\/10\/GDPR-kuva.png\" class=\"attachment-large size-large wp-image-6443\" alt=\"\" srcset=\"https:\/\/orientation.tyovene.com\/wp-content\/uploads\/2024\/10\/GDPR-kuva.png 557w, https:\/\/orientation.tyovene.com\/wp-content\/uploads\/2024\/10\/GDPR-kuva-300x76.png 300w\" sizes=\"(max-width: 557px) 100vw, 557px\" \/>\t\t\t\t\t\t\t\t\t\t\t\t\t\t\t<\/div>\n\t\t\t\t<\/div>\n\t\t\t\t\t<\/div>\n\t\t\t\t<\/div>\n\t\t\t\t<\/div>\n\t\t","protected":false},"excerpt":{"rendered":"<p>Rekisteri- ja tietosuojaseloste Ty\u00f6ntekij\u00e4rekisteri\u00a0 T\u00e4m\u00e4 on Ty\u00f6vene Oy:n henkil\u00f6tietolain (10 ja 24 \u00a7) ja EU:n yleisen tietosuoja-asetuksen (GDPR) mukainen rekisteri- ja tietosuojaselosteyrityksen ty\u00f6ntekij\u00f6ist\u00e4 ja toimittajista. Se on laadittu\u00a0 6.2.2023 ja sit\u00e4 p\u00e4ivitet\u00e4\u00e4n tarvittaessa.\u00a0 Rekisterinpit\u00e4j\u00e4\u00a0 Uudenkaupungin Ty\u00f6vene Oy\u00a0 Telakkatie 8\u00a0 23500 Uusikaupunki\u00a0 tapio.rintala@tyovene.fi P. 040 0327 500 Yrityksen Y-tunnus 2651884-4\u00a0 2A. Yll\u00e4pit\u00e4j\u00e4 Riitta Rintala\u00a0 Telakkatie 8\u00a0 [&hellip;]<\/p>\n","protected":false},"author":3,"featured_media":0,"parent":0,"menu_order":0,"comment_status":"closed","ping_status":"closed","template":"","meta":{"footnotes":""},"class_list":["post-8125","page","type-page","status-publish","hentry"],"_links":{"self":[{"href":"https:\/\/orientation.tyovene.com\/index.php?rest_route=\/wp\/v2\/pages\/8125","targetHints":{"allow":["GET"]}}],"collection":[{"href":"https:\/\/orientation.tyovene.com\/index.php?rest_route=\/wp\/v2\/pages"}],"about":[{"href":"https:\/\/orientation.tyovene.com\/index.php?rest_route=\/wp\/v2\/types\/page"}],"author":[{"embeddable":true,"href":"https:\/\/orientation.tyovene.com\/index.php?rest_route=\/wp\/v2\/users\/3"}],"replies":[{"embeddable":true,"href":"https:\/\/orientation.tyovene.com\/index.php?rest_route=%2Fwp%2Fv2%2Fcomments&post=8125"}],"version-history":[{"count":1,"href":"https:\/\/orientation.tyovene.com\/index.php?rest_route=\/wp\/v2\/pages\/8125\/revisions"}],"predecessor-version":[{"id":8126,"href":"https:\/\/orientation.tyovene.com\/index.php?rest_route=\/wp\/v2\/pages\/8125\/revisions\/8126"}],"wp:attachment":[{"href":"https:\/\/orientation.tyovene.com\/index.php?rest_route=%2Fwp%2Fv2%2Fmedia&parent=8125"}],"curies":[{"name":"wp","href":"https:\/\/api.w.org\/{rel}","templated":true}]}}