{"id":394,"date":"2024-07-23T10:55:42","date_gmt":"2024-07-23T07:55:42","guid":{"rendered":"https:\/\/orientation.tyovene.com\/~kranni.nico\/UKI\/wordpress\/?page_id=394"},"modified":"2026-03-25T12:28:13","modified_gmt":"2026-03-25T09:28:13","slug":"registration","status":"publish","type":"page","link":"https:\/\/orientation.tyovene.com\/?page_id=394","title":{"rendered":"Rekister\u00f6ityminen"},"content":{"rendered":"\t\t<div data-elementor-type=\"wp-page\" data-elementor-id=\"394\" class=\"elementor elementor-394\" data-elementor-post-type=\"page\">\n\t\t\t\t<div class=\"elementor-element elementor-element-f48aaa8 e-flex e-con-boxed e-con e-parent\" data-id=\"f48aaa8\" data-element_type=\"container\">\n\t\t\t\t\t<div class=\"e-con-inner\">\n\t\t\t\t<div class=\"elementor-element elementor-element-1549c25 elementor-widget__width-inherit elementor-widget elementor-widget-shortcode\" data-id=\"1549c25\" data-element_type=\"widget\" data-widget_type=\"shortcode.default\">\n\t\t\t\t<div class=\"elementor-widget-container\">\n\t\t\t\t\t\t\t<div class=\"elementor-shortcode\">\t<div class='user-registration ur-frontend-form  ur-frontend-form--rounded ' id='user-registration-form-396'>\n\t\t\t\t\t\t\t\t<form method='post' class='register' data-form-id=\"396\"\n\t\t\t\tdata-enable-strength-password=\"\" data-minimum-password-strength=\"2\"\n\t\t\t\t\t\t\t\t\t\t\t\t\t\t\t data-captcha-enabled=\"\">\n\n\t\t\t\t<div class=\"ur-form-row\" data-row-id=\"2\">\t\t\t\t\t\t\t<div class=\"ur-form-grid ur-grid-1\"\n\t\t\t\t\t\t\t\tstyle=\"width:99%\">\n\t\t\t\t\t\t\t\t\t\t\t\t\t\t\t\t<div  data-field-id=\"first_name\" class=\"ur-field-item field-first_name register_field_etunimi\" data-ref-id=\"first_name\" data-field-pattern-enabled=\"0\" data-field-pattern-value=\" \" data-field-pattern-message=\" \">\n\t\t\t\t\t\t\t\t\t\t<div class=\"form-row validate-required\" id=\"first_name_field\" data-priority=\"\" ><label for=\"first_name\" class=\"ur-label\">Etunimi <abbr class=\"required\" title=\"required\">*<\/abbr><\/label> <span class=\"input-wrapper\"> <input  data-rules=\"\" data-id=\"first_name\" type=\"text\" class=\"input-text   input-text ur-frontend-field \" name=\"first_name\" id=\"first_name\" placeholder=\"Etunimi\"  value=\"\" required=\"required\" data-label=\"Etunimi\" \/> <\/span> <\/div>\t\t\t\t\t\t\t\t\t<\/div>\n\t\t\t\t\t\t\t\t\t\t\t\t\t\t\t\t\t\t<div  data-field-id=\"last_name\" class=\"ur-field-item field-last_name register_field_sukunimi\" data-ref-id=\"last_name\" data-field-pattern-enabled=\"0\" data-field-pattern-value=\" \" data-field-pattern-message=\" \">\n\t\t\t\t\t\t\t\t\t\t<div class=\"form-row validate-required\" id=\"last_name_field\" data-priority=\"\" ><label for=\"last_name\" class=\"ur-label\">Sukunimi <abbr class=\"required\" title=\"required\">*<\/abbr><\/label> <span class=\"input-wrapper\"> <input  data-rules=\"\" data-id=\"last_name\" type=\"text\" class=\"input-text   input-text ur-frontend-field \" name=\"last_name\" id=\"last_name\" placeholder=\"Sukunimi\"  value=\"\" required=\"required\" data-label=\"Sukunimi\" \/> <\/span> <\/div>\t\t\t\t\t\t\t\t\t<\/div>\n\t\t\t\t\t\t\t\t\t\t\t\t\t\t\t\t\t\t<div  data-field-id=\"user_email\" class=\"ur-field-item field-user_email register_field_sposti\" data-ref-id=\"user_email\" data-field-pattern-enabled=\"0\" data-field-pattern-value=\" \" data-field-pattern-message=\" \">\n\t\t\t\t\t\t\t\t\t\t<div class=\"form-row validate-required\" id=\"user_email_field\" data-priority=\"\" ><label for=\"user_email\" class=\"ur-label\">S\u00e4hk\u00f6posti <abbr class=\"required\" title=\"required\">*<\/abbr><\/label> <span class=\"input-wrapper\"> <input  data-rules=\"\" data-id=\"user_email\" type=\"email\" class=\"input-text   input-email ur-frontend-field \" name=\"user_email\" id=\"user_email\" placeholder=\"S\u00e4hk\u00f6posti\"  value=\"\" required=\"required\" data-label=\"S\u00e4hk\u00f6posti\" \/> <\/span> <\/div>\t\t\t\t\t\t\t\t\t<\/div>\n\t\t\t\t\t\t\t\t\t\t\t\t\t\t\t\t\t\t<div  data-field-id=\"input_box_1727088061\" class=\"ur-field-item field-text register_field_puhelinumero\" data-ref-id=\"input_box_1727088061\" data-field-pattern-enabled=\"0\" data-field-pattern-value=\" \" data-field-pattern-message=\" \">\n\t\t\t\t\t\t\t\t\t\t<div class=\"form-row validate-required\" id=\"input_box_1727088061_field\" data-priority=\"\" ><label for=\"input_box_1727088061\" class=\"ur-label\">Puhelinnumero <abbr class=\"required\" title=\"required\">*<\/abbr><\/label> <span class=\"input-wrapper\"> <input  data-rules=\"\" data-id=\"input_box_1727088061\" type=\"text\" class=\"input-text   input-text ur-frontend-field \" name=\"input_box_1727088061\" id=\"input_box_1727088061\" placeholder=\"Puhelinnumero\"  value=\"\" required=\"required\" data-label=\"Puhelinnumero\" minlength=\"3\" maxlength=\"50\" \/> <\/span> <\/div>\t\t\t\t\t\t\t\t\t<\/div>\n\t\t\t\t\t\t\t\t\t\t\t\t\t\t\t\t\t\t<div  data-field-id=\"date_box_1727105435\" class=\"ur-field-item field-date \" data-ref-id=\"date_box_1727105435\" data-field-pattern-enabled=\"0\" data-field-pattern-value=\" \" data-field-pattern-message=\" \">\n\t\t\t\t\t\t\t\t\t\t<div class=\"form-row validate-required\" id=\"date_box_1727105435_field\" data-priority=\"\" ><label for=\"date_box_1727105435\" class=\"ur-label\">Syntym\u00e4p\u00e4iv\u00e4 <abbr class=\"required\" title=\"required\">*<\/abbr><\/label> <span class=\"input-wrapper\"> <input data-rules=\"\" data-id=\"date_box_1727105435\" type=\"text\" value=\"\" class=\"ur-flatpickr-field regular-text \" readonly placeholder=\"\" required=\"required\" data-date-format=\"d\/m\/Y\" data-locale=\"fi\" data-label=\"Syntym\u00e4p\u00e4iv\u00e4\" \/><input type=\"hidden\" id=\"formated_date\" value=\"\"\/><input data-rules=\"\" data-id=\"date_box_1727105435\" type=\"text\" data-field-type=\"date\" value=\"\" class=\"input-text input-date ur-frontend-field  \" name=\"date_box_1727105435\" id=\"date_box_1727105435\" placeholder=\"\"  required=\"required\" data-date-format=\"d\/m\/Y\" data-locale=\"fi\" data-label=\"Syntym\u00e4p\u00e4iv\u00e4\" style=\"display:none\"\/><\/span> <\/div>\t\t\t\t\t\t\t\t\t<\/div>\n\t\t\t\t\t\t\t\t\t\t\t\t\t\t\t\t\t\t<div  data-field-id=\"input_box_1724073418\" class=\"ur-field-item field-text register_field_yritys\" data-ref-id=\"input_box_1724073418\" data-field-pattern-enabled=\"0\" data-field-pattern-value=\" \" data-field-pattern-message=\" \">\n\t\t\t\t\t\t\t\t\t\t<div class=\"form-row validate-required\" id=\"input_box_1724073418_field\" data-priority=\"\" ><label for=\"input_box_1724073418\" class=\"ur-label\">Yritys <abbr class=\"required\" title=\"required\">*<\/abbr><\/label> <span class=\"input-wrapper\"> <input  data-rules=\"\" data-id=\"input_box_1724073418\" type=\"text\" class=\"input-text   input-text ur-frontend-field \" name=\"input_box_1724073418\" id=\"input_box_1724073418\" placeholder=\"Yrityksen nimi jossa olet t\u00f6iss\u00e4\"  value=\"\" required=\"required\" data-label=\"Yritys\" minlength=\"3\" \/> <\/span> <\/div>\t\t\t\t\t\t\t\t\t<\/div>\n\t\t\t\t\t\t\t\t\t\t\t\t\t\t\t\t\t\t<div  data-field-id=\"input_box_1727767264\" class=\"ur-field-item field-text \" data-ref-id=\"input_box_1727767264\" data-field-pattern-enabled=\"0\" data-field-pattern-value=\" \" data-field-pattern-message=\" \">\n\t\t\t\t\t\t\t\t\t\t<div class=\"form-row \" id=\"input_box_1727767264_field\" data-priority=\"\" ><label for=\"input_box_1727767264\" class=\"ur-label\">Palkan maksava yritys<\/label> <span class=\"input-wrapper\"> <input  data-rules=\"\" data-id=\"input_box_1727767264\" type=\"text\" class=\"input-text   input-text ur-frontend-field  \" name=\"input_box_1727767264\" id=\"input_box_1727767264\" placeholder=\"\"  value=\"\" data-label=\"Palkan maksava yritys\" minlength=\"3\" maxlength=\"100\" \/> <\/span> <\/div>\t\t\t\t\t\t\t\t\t<\/div>\n\t\t\t\t\t\t\t\t\t\t\t\t\t\t\t\t\t\t<div  data-field-id=\"input_box_1727767157\" class=\"ur-field-item field-text \" data-ref-id=\"input_box_1727767157\" data-field-pattern-enabled=\"0\" data-field-pattern-value=\" \" data-field-pattern-message=\" \">\n\t\t\t\t\t\t\t\t\t\t<div class=\"form-row validate-required\" id=\"input_box_1727767157_field\" data-priority=\"\" ><label for=\"input_box_1727767157\" class=\"ur-label\">Yrityksen edustaja <abbr class=\"required\" title=\"required\">*<\/abbr><\/label> <span class=\"input-wrapper\"> <input  data-rules=\"\" data-id=\"input_box_1727767157\" type=\"text\" class=\"input-text   input-text ur-frontend-field  \" name=\"input_box_1727767157\" id=\"input_box_1727767157\" placeholder=\"Edustajan nimi\"  value=\"\" required=\"required\" data-label=\"Yrityksen edustaja\" \/> <\/span> <\/div>\t\t\t\t\t\t\t\t\t<\/div>\n\t\t\t\t\t\t\t\t\t\t\t\t\t\t\t\t\t\t<div  data-field-id=\"input_box_1727767285\" class=\"ur-field-item field-text \" data-ref-id=\"input_box_1727767285\" data-field-pattern-enabled=\"0\" data-field-pattern-value=\" \" data-field-pattern-message=\" \">\n\t\t\t\t\t\t\t\t\t\t<div class=\"form-row validate-required\" id=\"input_box_1727767285_field\" data-priority=\"\" ><label for=\"input_box_1727767285\" class=\"ur-label\">Edustajan puhelinnumero <abbr class=\"required\" title=\"required\">*<\/abbr><\/label> <span class=\"input-wrapper\"> <input  data-rules=\"\" data-id=\"input_box_1727767285\" type=\"text\" class=\"input-text   input-text ur-frontend-field  \" name=\"input_box_1727767285\" id=\"input_box_1727767285\" placeholder=\"\"  value=\"\" required=\"required\" data-label=\"Edustajan puhelinnumero\" \/> <\/span> <\/div>\t\t\t\t\t\t\t\t\t<\/div>\n\t\t\t\t\t\t\t\t\t\t\t\t\t\t\t\t\t\t<div  data-field-id=\"input_box_1727767289\" class=\"ur-field-item field-text \" data-ref-id=\"input_box_1727767289\" data-field-pattern-enabled=\"0\" data-field-pattern-value=\" \" data-field-pattern-message=\" \">\n\t\t\t\t\t\t\t\t\t\t<div class=\"form-row validate-required\" id=\"input_box_1727767289_field\" data-priority=\"\" ><label for=\"input_box_1727767289\" class=\"ur-label\">Edustajan s\u00e4hk\u00f6postiosoite <abbr class=\"required\" title=\"required\">*<\/abbr><\/label> <span class=\"input-wrapper\"> <input  data-rules=\"\" data-id=\"input_box_1727767289\" type=\"text\" class=\"input-text   input-text ur-frontend-field  \" name=\"input_box_1727767289\" id=\"input_box_1727767289\" placeholder=\"\"  value=\"\" required=\"required\" data-label=\"Edustajan s\u00e4hk\u00f6postiosoite\" \/> <\/span> <\/div>\t\t\t\t\t\t\t\t\t<\/div>\n\t\t\t\t\t\t\t\t\t\t\t\t\t\t\t\t\t\t<div  data-field-id=\"input_box_1727767294\" class=\"ur-field-item field-text \" data-ref-id=\"input_box_1727767294\" data-field-pattern-enabled=\"0\" data-field-pattern-value=\" \" data-field-pattern-message=\" \">\n\t\t\t\t\t\t\t\t\t\t<div class=\"form-row validate-required\" id=\"input_box_1727767294_field\" data-priority=\"\" ><label for=\"input_box_1727767294\" class=\"ur-label\">Yrityksen osoite <abbr class=\"required\" title=\"required\">*<\/abbr><\/label> <span class=\"input-wrapper\"> <input  data-rules=\"\" data-id=\"input_box_1727767294\" type=\"text\" class=\"input-text   input-text ur-frontend-field  \" name=\"input_box_1727767294\" id=\"input_box_1727767294\" placeholder=\"\"  value=\"\" required=\"required\" data-label=\"Yrityksen osoite\" \/> <\/span> <\/div>\t\t\t\t\t\t\t\t\t<\/div>\n\t\t\t\t\t\t\t\t\t\t\t\t\t\t\t\t\t\t<div  data-field-id=\"input_box_1727090244\" class=\"ur-field-item field-text register_field_veronumero\" data-ref-id=\"input_box_1727090244\" data-field-pattern-enabled=\"0\" data-field-pattern-value=\" \" data-field-pattern-message=\" \">\n\t\t\t\t\t\t\t\t\t\t<div class=\"form-row \" id=\"input_box_1727090244_field\" data-priority=\"\" ><label for=\"input_box_1727090244\" class=\"ur-label\">Veronumero<\/label> <span class=\"input-wrapper\"> <input  data-rules=\"\" data-id=\"input_box_1727090244\" type=\"text\" class=\"input-text   input-text ur-frontend-field \" name=\"input_box_1727090244\" id=\"input_box_1727090244\" placeholder=\"\"  value=\"\" data-label=\"Veronumero\" minlength=\"12\" maxlength=\"12\" \/> <\/span> <\/div>\t\t\t\t\t\t\t\t\t<\/div>\n\t\t\t\t\t\t\t\t\t\t\t\t\t\t\t\t\t\t<div  data-field-id=\"date_box_1721725471\" class=\"ur-field-item field-date \" data-ref-id=\"date_box_1721725471\" data-field-pattern-enabled=\"0\" data-field-pattern-value=\" \" data-field-pattern-message=\" \">\n\t\t\t\t\t\t\t\t\t\t<div class=\"form-row \" id=\"date_box_1721725471_field\" data-priority=\"\" ><label for=\"date_box_1721725471\" class=\"ur-label\">Ty\u00f6turvallisuuskortin voimassaoloaika<\/label> <span class=\"input-wrapper\"> <input data-rules=\"\" data-id=\"date_box_1721725471\" type=\"text\" value=\"\" class=\"ur-flatpickr-field regular-text \" readonly placeholder=\"\" data-date-format=\"d\/m\/Y\" data-min-date=\"24\/03\/2026\" data-max-date=\"01\/09\/2069\" data-locale=\"fi\" data-label=\"Ty\u00f6turvallisuuskortin voimassaoloaika\" \/><input type=\"hidden\" id=\"formated_date\" value=\"\"\/><input data-rules=\"\" data-id=\"date_box_1721725471\" type=\"text\" data-field-type=\"date\" value=\"\" class=\"input-text input-date ur-frontend-field  \" name=\"date_box_1721725471\" id=\"date_box_1721725471\" placeholder=\"\"  data-date-format=\"d\/m\/Y\" data-min-date=\"24\/03\/2026\" data-max-date=\"01\/09\/2069\" data-locale=\"fi\" data-label=\"Ty\u00f6turvallisuuskortin voimassaoloaika\" style=\"display:none\"\/><\/span> <\/div>\t\t\t\t\t\t\t\t\t<\/div>\n\t\t\t\t\t\t\t\t\t\t\t\t\t\t\t\t\t\t<div  data-field-id=\"date_box_1721725477\" class=\"ur-field-item field-date \" data-ref-id=\"date_box_1721725477\" data-field-pattern-enabled=\"0\" data-field-pattern-value=\" \" data-field-pattern-message=\" \">\n\t\t\t\t\t\t\t\t\t\t<div class=\"form-row \" id=\"date_box_1721725477_field\" data-priority=\"\" ><label for=\"date_box_1721725477\" class=\"ur-label\">Tulity\u00f6kortin voimassaoloaika<\/label> <span class=\"input-wrapper\"> <input data-rules=\"\" data-id=\"date_box_1721725477\" type=\"text\" value=\"\" class=\"ur-flatpickr-field regular-text \" readonly placeholder=\"\" data-date-format=\"d\/m\/Y\" data-min-date=\"25\/03\/2026\" data-locale=\"fi\" data-label=\"Tulity\u00f6kortin voimassaoloaika\" \/><input type=\"hidden\" id=\"formated_date\" value=\"\"\/><input data-rules=\"\" data-id=\"date_box_1721725477\" type=\"text\" data-field-type=\"date\" value=\"\" class=\"input-text input-date ur-frontend-field  \" name=\"date_box_1721725477\" id=\"date_box_1721725477\" placeholder=\"\"  data-date-format=\"d\/m\/Y\" data-min-date=\"25\/03\/2026\" data-locale=\"fi\" data-label=\"Tulity\u00f6kortin voimassaoloaika\" style=\"display:none\"\/><\/span> <\/div>\t\t\t\t\t\t\t\t\t<\/div>\n\t\t\t\t\t\t\t\t\t\t\t\t\t\t\t\t\t\t<div  data-field-id=\"user_pass\" class=\"ur-field-item field-user_pass register_field_password\" data-ref-id=\"user_pass\" data-field-pattern-enabled=\"0\" data-field-pattern-value=\" \" data-field-pattern-message=\" \">\n\t\t\t\t\t\t\t\t\t\t<div class=\"form-row validate-required hide_show_password\" id=\"user_pass_field\" data-priority=\"\"><label for=\"user_pass\" class=\"ur-label\">Salasana <abbr class=\"required\" title=\"required\">*<\/abbr><\/label> <span class=\"input-wrapper\"> <span class=\"password-input-group input-form-field-icons\"><input data-rules=\"\" data-id=\"user_pass\" type=\"password\" class=\"input-text  input-password ur-frontend-field \" name=\"user_pass\" id=\"user_pass\" placeholder=\"Salasana\"  value=\"\" required=\"required\" data-label=\"Salasana\" \/><a href=\"javaScript:void(0)\" class=\"password_preview dashicons dashicons-hidden\" title=\" Show password \"><\/a><\/span> <\/span> <\/div>\t\t\t\t\t\t\t\t\t<\/div>\n\t\t\t\t\t\t\t\t\t\t\t\t\t\t\t\t\t\t<div  data-field-id=\"privacy_policy_1729581833\" class=\"ur-field-item field-privacy_policy \" data-ref-id=\"privacy_policy_1729581833\" data-field-pattern-enabled=\"0\" data-field-pattern-value=\" \" data-field-pattern-message=\" \">\n\t\t\t\t\t\t\t\t\t\t<div class=\"form-row validate-required\" id=\"privacy_policy_1729581833_field\" data-priority=\"\" ><label class=\"ur-label checkbox\" required=\"required\" data-label=\"Rekister\u00f6itym\u00e4ll\u00e4 hyv\u00e4ksyt tietosuojak\u00e4yt\u00e4nt\u00f6mme\">\n\t\t\t\t\t\t\t<input data-rules=\"\" data-id=\"privacy_policy_1729581833\" required=\"required\" data-label=\"Rekister\u00f6itym\u00e4ll\u00e4 hyv\u00e4ksyt tietosuojak\u00e4yt\u00e4nt\u00f6mme\" data-value=\"\" type=\"checkbox\" class=\"input-checkbox ur-frontend-field \" name=\"privacy_policy_1729581833\" id=\"privacy_policy_1729581833\" value=\"1\"  \/> Rekister\u00f6itym\u00e4ll\u00e4 hyv\u00e4ksyt tietosuojak\u00e4yt\u00e4nt\u00f6mme <abbr class=\"required\" title=\"required\">*<\/abbr><\/label><span class=\"description\"><a href='https:\/\/orientation.tyovene.com\/?page_id=8125'>Tietosuojak\u00e4yt\u00e4nn\u00f6t<\/a><\/span><\/div>\t\t\t\t\t\t\t\t\t<\/div>\n\t\t\t\t\t\t\t\t\t\t\t\t\t\t\t\t\t\t<div  data-field-id=\"input_box_1774431856299\" class=\"ur-field-item field-text \" data-ref-id=\"input_box_1774431856299\" data-field-pattern-enabled=\"0\" data-field-pattern-value=\" \" data-field-pattern-message=\" \">\n\t\t\t\t\t\t\t\t\t\t<div class=\"form-row \" id=\"input_box_1774431856299_field\" data-priority=\"\" ><label for=\"input_box_1774431856299\" class=\"ur-label\">Yrityksen Y-tunnus<\/label> <span class=\"input-wrapper\"> <input  data-rules=\"\" data-id=\"input_box_1774431856299\" type=\"text\" class=\"input-text   input-text ur-frontend-field  \" name=\"input_box_1774431856299\" id=\"input_box_1774431856299\" placeholder=\"\"  value=\"\" data-label=\"Yrityksen Y-tunnus\" \/> <\/span> <\/div>\t\t\t\t\t\t\t\t\t<\/div>\n\t\t\t\t\t\t\t\t\t\t\t\t\t\t\t\t<\/div>\n\t\t\t\t\t\t\t\t\t\t\t\t\t<\/div>\n\t\t\t\t\t\t\t\t\t\t\t\t\t\t\t\t\t\t<div class=\"ur-button-container \" >\n\t\t\t\t\t\t\t\t\t\t\t\t\t\t<button type=\"submit\" class=\"btn button ur-submit-button submit\"  conditional_rules=\"&quot;&quot;\">\n\t\t\t\t\t\t\t\t<span><\/span>\n\t\t\t\t\t\t\t\tRekister\u00f6idy\t\t\t\t\t\t\t<\/button>\n\t\t\t\t\t\t\t\t\t\t\t\t\t\t\t\t\t\t\t\t<\/div>\n\t\t\t\t\t\t\n\t\t\t\t<div style=\"clear:both\"><\/div>\n\t\t\t\t\t\t\t\t<input type=\"hidden\" name=\"ur-registration-language\" value=\"en-GB\"\/>\n\t\t\t\t<input type=\"hidden\" name=\"ur-user-form-id\" value=\"396\"\/>\n\t\t\t\t<input type=\"hidden\" name=\"ur-redirect-url\" value=\"https:\/\/orientation.tyovene.com\/\"\/>\n\t\t\t\t<input type=\"hidden\" id=\"ur_frontend_form_nonce\" name=\"ur_frontend_form_nonce\" value=\"11f813ab8f\" \/>\n\t\t\t\t\n\t\t\t<\/form>\n\t\t\t\n\t\t<div style=\"clear:both\"><\/div>\n\t<\/div>\n\n<\/div>\n\t\t\t\t\t\t<\/div>\n\t\t\t\t<\/div>\n\t\t\t\t\t<\/div>\n\t\t\t\t<\/div>\n\t\t\t\t<\/div>\n\t\t","protected":false},"excerpt":{"rendered":"","protected":false},"author":4,"featured_media":0,"parent":0,"menu_order":0,"comment_status":"closed","ping_status":"closed","template":"","meta":{"footnotes":""},"class_list":["post-394","page","type-page","status-publish","hentry"],"_links":{"self":[{"href":"https:\/\/orientation.tyovene.com\/index.php?rest_route=\/wp\/v2\/pages\/394","targetHints":{"allow":["GET"]}}],"collection":[{"href":"https:\/\/orientation.tyovene.com\/index.php?rest_route=\/wp\/v2\/pages"}],"about":[{"href":"https:\/\/orientation.tyovene.com\/index.php?rest_route=\/wp\/v2\/types\/page"}],"author":[{"embeddable":true,"href":"https:\/\/orientation.tyovene.com\/index.php?rest_route=\/wp\/v2\/users\/4"}],"replies":[{"embeddable":true,"href":"https:\/\/orientation.tyovene.com\/index.php?rest_route=%2Fwp%2Fv2%2Fcomments&post=394"}],"version-history":[{"count":169,"href":"https:\/\/orientation.tyovene.com\/index.php?rest_route=\/wp\/v2\/pages\/394\/revisions"}],"predecessor-version":[{"id":7098,"href":"https:\/\/orientation.tyovene.com\/index.php?rest_route=\/wp\/v2\/pages\/394\/revisions\/7098"}],"wp:attachment":[{"href":"https:\/\/orientation.tyovene.com\/index.php?rest_route=%2Fwp%2Fv2%2Fmedia&parent=394"}],"curies":[{"name":"wp","href":"https:\/\/api.w.org\/{rel}","templated":true}]}}